{"id":15573,"date":"2021-05-04T11:27:28","date_gmt":"2021-05-04T08:27:28","guid":{"rendered":"http:\/\/kotboyama.com\/?page_id=15573"},"modified":"2025-09-12T11:44:42","modified_gmt":"2025-09-12T08:44:42","slug":"pantolon-boyama","status":"publish","type":"page","link":"http:\/\/www.kotboyama.com\/?page_id=15573","title":{"rendered":"Pantolon Boyama"},"content":{"rendered":"<p>[vc_row css_animation=&#8221;&#8221; row_type=&#8221;row&#8221; use_row_as_full_screen_section=&#8221;no&#8221; type=&#8221;full_width&#8221; angled_section=&#8221;no&#8221; text_align=&#8221;left&#8221; background_image_as_pattern=&#8221;without_pattern&#8221; z_index=&#8221;&#8221;][vc_column][vc_column_text]<strong><img loading=\"lazy\" decoding=\"async\" class=\"alignnone wp-image-15396 size-full\" src=\"http:\/\/www.kotboyama.com\/wp-content\/uploads\/2015\/02\/22.png\" alt=\"a\" width=\"1100\" height=\"375\" srcset=\"http:\/\/www.kotboyama.com\/wp-content\/uploads\/2015\/02\/22.png 1100w, http:\/\/www.kotboyama.com\/wp-content\/uploads\/2015\/02\/22-300x102.png 300w, http:\/\/www.kotboyama.com\/wp-content\/uploads\/2015\/02\/22-768x262.png 768w, http:\/\/www.kotboyama.com\/wp-content\/uploads\/2015\/02\/22-1024x349.png 1024w, http:\/\/www.kotboyama.com\/wp-content\/uploads\/2015\/02\/22-700x239.png 700w\" sizes=\"auto, (max-width: 1100px) 100vw, 1100px\" \/><\/strong><\/p>\n<h5 data-start=\"58\" data-end=\"89\">Renkli Pantolonlar\u0131 Y\u0131kama:<\/h5>\n<p data-start=\"93\" data-end=\"137\">Genel olarak 40 derecede y\u0131kayabilirsiniz.<\/p>\n<p data-start=\"140\" data-end=\"240\">Y\u0131kamadan \u00f6nce mutlaka ters \u00e7eviriniz. Bu y\u00f6ntemle renklerin solmas\u0131 \u00e7ok uzun zamanda ger\u00e7ekle\u015fir.<\/p>\n<p data-start=\"243\" data-end=\"292\">\u00c7ama\u015f\u0131rlar\u0131n\u0131z\u0131 uzun s\u00fcre makinede bekletmeyin.<\/p>\n<p data-start=\"295\" data-end=\"369\">Esintili ama g\u00fcne\u015f \u0131\u015f\u0131\u011f\u0131n\u0131 \u00e7ok g\u00f6rmeyen yerlerde kurutma yapabilirsiniz.<\/p>\n<p data-start=\"372\" data-end=\"424\">Renklilere uygun deterjan kullanman\u0131zda yarar var.<\/p>\n<p data-start=\"427\" data-end=\"503\">Siyah pantolonlar\u0131n\u0131z\u0131 y\u0131karken deterjan yerine \u015fampuan kullanabilirsiniz.<\/p>\n<p data-start=\"506\" data-end=\"555\">Renkliler i\u00e7in <strong data-start=\"521\" data-end=\"534\">OMO Color<\/strong> kullanabilirsiniz.<\/p>\n<p data-start=\"558\" data-end=\"677\">Rengi solan pantolonlar\u0131n\u0131z\u0131 g\u00fcvenle yollayabilirsiniz. 60 farkl\u0131 renk se\u00e7ene\u011fiyle ilk g\u00fcnk\u00fc haliyle teslim ediyoruz.<\/p>\n<p data-start=\"679\" data-end=\"785\"><em data-start=\"679\" data-end=\"783\">(Japon yap\u0131\u015ft\u0131r\u0131c\u0131, silikon, ya\u011fl\u0131 boya, \u00fct\u00fc yan\u0131\u011f\u0131 ve tuz ruhu. Bu lekeler boya ile kapanmamaktad\u0131r.)<\/em><\/p>\n<p>[\/vc_column_text][vc_single_image image=&#8221;15575&#8243; img_size=&#8221;full&#8221; qode_css_animation=&#8221;&#8221;][\/vc_column][\/vc_row]<\/p>\n","protected":false},"excerpt":{"rendered":"<p>[vc_row css_animation=&#8221;&#8221; row_type=&#8221;row&#8221; use_row_as_full_screen_section=&#8221;no&#8221; type=&#8221;full_width&#8221; angled_section=&#8221;no&#8221; text_align=&#8221;left&#8221; background_image_as_pattern=&#8221;without_pattern&#8221; z_index=&#8221;&#8221;][vc_column][vc_column_text] Renkli Pantolonlar\u0131 Y\u0131kama: Genel olarak 40 derecede y\u0131kayabilirsiniz. Y\u0131kamadan \u00f6nce mutlaka ters \u00e7eviriniz. Bu y\u00f6ntemle renklerin solmas\u0131 \u00e7ok uzun zamanda ger\u00e7ekle\u015fir. \u00c7ama\u015f\u0131rlar\u0131n\u0131z\u0131 uzun s\u00fcre makinede bekletmeyin. Esintili ama g\u00fcne\u015f \u0131\u015f\u0131\u011f\u0131n\u0131 \u00e7ok g\u00f6rmeyen yerlerde kurutma yapabilirsiniz. Renklilere&#8230;<\/p>\n","protected":false},"author":1,"featured_media":0,"parent":0,"menu_order":0,"comment_status":"closed","ping_status":"open","template":"","meta":{"footnotes":""},"class_list":["post-15573","page","type-page","status-publish","hentry"],"_links":{"self":[{"href":"http:\/\/www.kotboyama.com\/index.php?rest_route=\/wp\/v2\/pages\/15573","targetHints":{"allow":["GET"]}}],"collection":[{"href":"http:\/\/www.kotboyama.com\/index.php?rest_route=\/wp\/v2\/pages"}],"about":[{"href":"http:\/\/www.kotboyama.com\/index.php?rest_route=\/wp\/v2\/types\/page"}],"author":[{"embeddable":true,"href":"http:\/\/www.kotboyama.com\/index.php?rest_route=\/wp\/v2\/users\/1"}],"replies":[{"embeddable":true,"href":"http:\/\/www.kotboyama.com\/index.php?rest_route=%2Fwp%2Fv2%2Fcomments&post=15573"}],"version-history":[{"count":10,"href":"http:\/\/www.kotboyama.com\/index.php?rest_route=\/wp\/v2\/pages\/15573\/revisions"}],"predecessor-version":[{"id":22629,"href":"http:\/\/www.kotboyama.com\/index.php?rest_route=\/wp\/v2\/pages\/15573\/revisions\/22629"}],"wp:attachment":[{"href":"http:\/\/www.kotboyama.com\/index.php?rest_route=%2Fwp%2Fv2%2Fmedia&parent=15573"}],"curies":[{"name":"wp","href":"https:\/\/api.w.org\/{rel}","templated":true}]}}