{"id":15251,"date":"2015-02-03T10:24:47","date_gmt":"2015-02-03T08:24:47","guid":{"rendered":"http:\/\/demo.qodeinteractive.com\/bridge59\/?page_id=15251"},"modified":"2025-09-12T13:00:33","modified_gmt":"2025-09-12T10:00:33","slug":"anasayfa","status":"publish","type":"page","link":"http:\/\/www.kotboyama.com\/","title":{"rendered":"Ana Sayfa"},"content":{"rendered":"<p>[vc_row row_type=&#8221;parallax&#8221; parallax_content_width=&#8221;in_grid&#8221; text_align=&#8221;center&#8221; full_screen_section_height=&#8221;no&#8221; background_image=&#8221;15280&#8243; section_height=&#8221;1219&#8243;][vc_column][vc_row_inner row_type=&#8221;row&#8221; type=&#8221;full_width&#8221; text_align=&#8221;center&#8221; css_animation=&#8221;element_from_fade&#8221; transition_delay=&#8221;200&#8243;][vc_column_inner][vc_separator type=&#8221;small&#8221; position=&#8221;center&#8221; width=&#8221;140&#8243; up=&#8221;170&#8243; down=&#8221;30&#8243;][vc_column_text]<\/p>\n<h2><span style=\"color: #ffff99;\">Senin Sezonun Senin Koleksiyonun<\/span><\/h2>\n<p>[\/vc_column_text][vc_separator type=&#8221;transparent&#8221; up=&#8221;20&#8243; down=&#8221;0&#8243;][vc_column_text]<\/p>\n<h4><span style=\"color: #ffffe8;\">T\u00fcm T\u00fcrkiye&#8217; ye Hizmet Veriyoruz<\/span><\/h4>\n<h3><span style=\"color: #ffff00;\"><strong>0224 326 14 08<\/strong><\/span><\/h3>\n<p>[\/vc_column_text][\/vc_column_inner][\/vc_row_inner][vc_row_inner row_type=&#8221;row&#8221; type=&#8221;full_width&#8221; text_align=&#8221;center&#8221; css_animation=&#8221;&#8221; padding_top=&#8221;22&#8243;][vc_column_inner width=&#8221;1\/3&#8243;][vc_separator type=&#8221;transparent&#8221; up=&#8221;100&#8243; down=&#8221;0&#8243;][vc_single_image image=&#8221;15403&#8243; img_size=&#8221;full&#8221; alignment=&#8221;center&#8221; qode_css_animation=&#8221;&#8221;][vc_separator type=&#8221;transparent&#8221; up=&#8221;25&#8243; down=&#8221;0&#8243;][vc_column_text]<\/p>\n<h5><span style=\"color: #ffff00;\">Yaz \u0130\u00e7in Size \u00d6zel Boyama<\/span><\/h5>\n<p>[\/vc_column_text][vc_separator type=&#8221;transparent&#8221; up=&#8221;20&#8243; down=&#8221;0&#8243;][vc_column_text]<\/p>\n<p data-start=\"101\" data-end=\"220\"><span style=\"color: #ffffff;\">Rengi solan pantolonlar\u0131n\u0131z\u0131 g\u00fcvenle yollayabilirsiniz. 60 farkl\u0131 renk se\u00e7ene\u011fiyle ilk g\u00fcnk\u00fc haliyle teslim ediyoruz.<\/span><\/p>\n<p data-start=\"222\" data-end=\"326\"><span style=\"color: #ffffff;\">(Japon yap\u0131\u015ft\u0131r\u0131c\u0131, silikon, ya\u011fl\u0131 boya, \u00fct\u00fc yan\u0131\u011f\u0131 ve tuz ruhu. Bu lekeler boya ile kapanmamaktad\u0131r.)<\/span><\/p>\n<p>[\/vc_column_text][vc_separator type=&#8221;transparent&#8221; up=&#8221;25&#8243; down=&#8221;0&#8243;]<a  itemprop=\"url\" href=\"http:\/\/www.kotboyama.com\/?page_id=15573\" target=\"_self\"  class=\"qbutton  small default\" style=\"\">Renk Se\u00e7enekleri<\/a>[vc_separator type=&#8221;transparent&#8221; up=&#8221;25&#8243; down=&#8221;0&#8243;][\/vc_column_inner][vc_column_inner width=&#8221;1\/3&#8243;][vc_single_image image=&#8221;15402&#8243; img_size=&#8221;full&#8221; alignment=&#8221;center&#8221; qode_css_animation=&#8221;&#8221;][\/vc_column_inner][vc_column_inner width=&#8221;1\/3&#8243;][vc_separator type=&#8221;transparent&#8221; up=&#8221;100&#8243; down=&#8221;0&#8243;][vc_single_image image=&#8221;15404&#8243; img_size=&#8221;full&#8221; alignment=&#8221;center&#8221; qode_css_animation=&#8221;&#8221;][vc_separator type=&#8221;transparent&#8221; up=&#8221;25&#8243; down=&#8221;0&#8243;][vc_column_text]<\/p>\n<h5><span style=\"color: #ffff00;\"><strong>Renkli Pantolonlar\u0131 Y\u0131kama<\/strong><\/span><\/h5>\n<p>[\/vc_column_text][vc_separator type=&#8221;transparent&#8221; up=&#8221;20&#8243; down=&#8221;0&#8243;][vc_column_text]<\/p>\n<h4><span style=\"color: #ffffff;\">Genel olarak 40 derecede y\u0131kayabilirsiniz.<\/span><br data-start=\"110\" data-end=\"113\" \/><span style=\"color: #ffffff;\">Y\u0131kamadan \u00f6nce mutlaka ters \u00e7eviriniz. Bu y\u00f6ntemle renklerin solmas\u0131 \u00e7ok uzun zamanda ger\u00e7ekle\u015fir.<\/span><\/h4>\n<p>[\/vc_column_text][vc_separator type=&#8221;transparent&#8221; up=&#8221;25&#8243; down=&#8221;0&#8243;]<a  itemprop=\"url\" href=\"http:\/\/www.kotboyama.com\/?page_id=15580\" target=\"_self\"  class=\"qbutton  small default\" style=\"\">K\u0131yafet Y\u0131kama<\/a>[vc_separator type=&#8221;transparent&#8221; up=&#8221;25&#8243; down=&#8221;0&#8243;][\/vc_column_inner][\/vc_row_inner][vc_row_inner row_type=&#8221;row&#8221; type=&#8221;full_width&#8221; text_align=&#8221;center&#8221; css_animation=&#8221;&#8221; padding_top=&#8221;20&#8243;][vc_column_inner css=&#8221;.vc_custom_1423052291760{background-image: url(http:\/\/demo.qodeinteractive.com\/bridge59\/wp-content\/uploads\/2015\/02\/22.png?id=15396) !important;background-position: center !important;background-repeat: no-repeat !important;background-size: cover !important;}&#8221;][vc_empty_space height=&#8221;387px&#8221;][\/vc_column_inner][\/vc_row_inner][\/vc_column][\/vc_row][vc_row row_type=&#8221;parallax&#8221; parallax_content_width=&#8221;in_grid&#8221; text_align=&#8221;center&#8221; full_screen_section_height=&#8221;no&#8221; background_image=&#8221;15296&#8243; section_height=&#8221;725&#8243;][vc_column][vc_row_inner row_type=&#8221;row&#8221; type=&#8221;full_width&#8221; text_align=&#8221;center&#8221; css_animation=&#8221;&#8221;][vc_column_inner css=&#8221;.vc_custom_1423056709351{padding-top: 223px !important;padding-bottom: 168px !important;background-image: url(http:\/\/demo.qodeinteractive.com\/bridge59\/wp-content\/uploads\/2015\/02\/444.png?id=15431) !important;background-position: center !important;background-repeat: no-repeat !important;background-size: cover !important;}&#8221;][vc_separator type=&#8221;small&#8221; position=&#8221;center&#8221;][vc_column_text]<\/p>\n<h3><span style=\"color: #3c4675;\">Y\u00fcksek Kalite<\/span><\/h3>\n<p>[\/vc_column_text][vc_separator type=&#8221;transparent&#8221; up=&#8221;19&#8243; down=&#8221;0&#8243;][vc_column_text]<\/p>\n<h4><span style=\"color: #000000;\">Yaza Haz\u0131r Olun<\/span><\/h4>\n<p>[\/vc_column_text][vc_separator type=&#8221;transparent&#8221; up=&#8221;35&#8243; down=&#8221;0&#8243;]<a  itemprop=\"url\" href=\"#\" target=\"_self\" data-hover-background-color=#d53334 data-hover-color=#ffffff class=\"qbutton  small default\" style=\"color: #ffffff; background-color: #3c4675;\">Collection<\/a>[\/vc_column_inner][\/vc_row_inner][\/vc_column][\/vc_row][vc_row css_animation=&#8221;&#8221; row_type=&#8221;row&#8221; use_row_as_full_screen_section=&#8221;no&#8221; type=&#8221;full_width&#8221; angled_section=&#8221;no&#8221; text_align=&#8221;center&#8221; background_image_as_pattern=&#8221;without_pattern&#8221; background_image=&#8221;15369&#8243; padding_bottom=&#8221;190&#8243; padding_top=&#8221;170&#8243;][vc_column][vc_separator type=&#8221;small&#8221; position=&#8221;center&#8221;][vc_row_inner row_type=&#8221;row&#8221; type=&#8221;full_width&#8221; text_align=&#8221;left&#8221; css_animation=&#8221;&#8221; css=&#8221;.vc_custom_1674466531534{margin-right: 20px !important;margin-left: 20px !important;}&#8221;][vc_column_inner width=&#8221;1\/2&#8243;][vc_column_text][\/vc_column_text][\/vc_column_inner][vc_column_inner width=&#8221;1\/2&#8243;][\/vc_column_inner][\/vc_row_inner][vc_column_text]<\/p>\n<h3><span style=\"color: #ffffe8;\">Ya\u015fam Tarz\u0131n\u0131n Markas\u0131 Kot K\u0131yafetler<\/span><\/h3>\n<p>[\/vc_column_text][vc_separator type=&#8221;transparent&#8221; up=&#8221;19&#8243; down=&#8221;0&#8243;][vc_column_text]<\/p>\n<h4><span style=\"color: #ffffe8;\">Yaza Haz\u0131r Olun, K\u0131yafetlerinizi \u0130lk G\u00fcnki Gibi Yap\u0131yoruz<\/span><\/h4>\n<p>[\/vc_column_text][vc_row_inner row_type=&#8221;row&#8221; type=&#8221;grid&#8221; text_align=&#8221;center&#8221; css_animation=&#8221;&#8221; padding_top=&#8221;80&#8243;][vc_column_inner width=&#8221;1\/4&#8243;][vc_single_image image=&#8221;15560&#8243; img_size=&#8221;full&#8221; alignment=&#8221;center&#8221; qode_css_animation=&#8221;element_from_fade&#8221; transition_delay=&#8221;0.2&#8243;][vc_separator type=&#8221;transparent&#8221; up=&#8221;65&#8243; down=&#8221;0&#8243;][vc_column_text]<\/p>\n<h6><span style=\"color: #ffffff;\">Renkliler i\u00e7in <\/span><\/h6>\n<h6><span style=\"color: #ffffff;\">OMO Color <\/span><\/h6>\n<h6><span style=\"color: #ffffff;\">kullanabilirsiniz.<\/span><\/h6>\n<p>[\/vc_column_text][vc_separator type=&#8221;transparent&#8221; up=&#8221;10&#8243; down=&#8221;0&#8243;][vc_separator type=&#8221;transparent&#8221; up=&#8221;60&#8243; down=&#8221;0&#8243;][\/vc_column_inner][vc_column_inner width=&#8221;1\/4&#8243;][vc_single_image image=&#8221;15561&#8243; img_size=&#8221;full&#8221; alignment=&#8221;center&#8221; qode_css_animation=&#8221;element_from_fade&#8221; transition_delay=&#8221;0.4&#8243;][vc_separator type=&#8221;transparent&#8221; up=&#8221;65&#8243; down=&#8221;0&#8243;][vc_column_text]<\/p>\n<h6><span style=\"color: #ffffff;\">Renklilere uygun deterjan kullanmanz\u0131da yarar var.<\/span><\/h6>\n<p>[\/vc_column_text][vc_separator type=&#8221;transparent&#8221; up=&#8221;10&#8243; down=&#8221;0&#8243;][vc_separator type=&#8221;transparent&#8221; up=&#8221;60&#8243; down=&#8221;0&#8243;][\/vc_column_inner][vc_column_inner width=&#8221;1\/4&#8243;][vc_single_image image=&#8221;15562&#8243; img_size=&#8221;full&#8221; alignment=&#8221;center&#8221; qode_css_animation=&#8221;element_from_fade&#8221; transition_delay=&#8221;0.6&#8243;][vc_separator type=&#8221;transparent&#8221; up=&#8221;65&#8243; down=&#8221;0&#8243;][vc_column_text]<\/p>\n<h6 data-start=\"23\" data-end=\"123\"><span style=\"color: #ffffff;\">Esintili ama g\u00fcne\u015f \u0131\u015f\u0131\u011f\u0131n\u0131 \u00e7ok g\u00f6rmeyen yerlerde kurutma yapabilirsiniz.<\/span><\/h6>\n<p>[\/vc_column_text][vc_separator type=&#8221;transparent&#8221; up=&#8221;10&#8243; down=&#8221;0&#8243;][vc_separator type=&#8221;transparent&#8221; up=&#8221;60&#8243; down=&#8221;0&#8243;][\/vc_column_inner][vc_column_inner width=&#8221;1\/4&#8243;][vc_single_image image=&#8221;15564&#8243; img_size=&#8221;full&#8221; alignment=&#8221;center&#8221; qode_css_animation=&#8221;element_from_fade&#8221; transition_delay=&#8221;0.8&#8243;][vc_separator type=&#8221;transparent&#8221; up=&#8221;65&#8243; down=&#8221;0&#8243;][vc_column_text]<\/p>\n<h6><span style=\"color: #ffffff;\">Rengi solan pantolonlar\u0131n\u0131z\u0131 g\u00fcvenle yollayabilirsiniz<\/span><\/h6>\n<p>[\/vc_column_text][vc_separator type=&#8221;transparent&#8221; up=&#8221;10&#8243; down=&#8221;0&#8243;][vc_separator type=&#8221;transparent&#8221; up=&#8221;60&#8243; down=&#8221;0&#8243;][\/vc_column_inner][\/vc_row_inner]<a  itemprop=\"url\" href=\"#\" target=\"_self\"  class=\"qbutton  small default\" style=\"\">Collection<\/a>[vc_raw_html]JTNDZGl2JTIwc3R5bGUlM0QlMjJwb3NpdGlvbiUzQSUyMGFic29sdXRlJTNCJTIwbGVmdCUzQSUyMC0xNDIzMTE3cHglM0IlMjIlM0VHaXlzaWxlciUyMHV6dW4lMjB6YW1hbmQlQzQlQjFyJTIwc2FkZWNlJTIwZ2FyZCVDNCVCMXJvYnVuJTIwYmlyJTIwcGFyJUMzJUE3YXMlQzQlQjElMjBvbG1ha3RhbiUyMCVDMyVBNyVDNCVCMWt0JUM0JUIxLiUyMEJ1ZyVDMyVCQ24lMkMlMjBrZW5kaW5pJTIwaWZhZGUlMjBldG1lbmluJTIwYmlyJTIwYXJhYyVDNCVCMSUyQyUyMGthcmFrdGVyaW4lMjB2ZSUyMHpldmtpbiUyMGJpciUyMHlhbnMlQzQlQjFtYXMlQzQlQjEuJTIwQnUlMkMlMjAlQzMlQjZ6ZWxsaWtsZSUyMHN0aWwlMkMlMjBrb25mb3IlMjB2ZSUyMGJlbnplcnNpeiUyMHRhc2FyJUM0JUIxbSUyMCVDMyVBNyVDMyVCNnolQzMlQkNtbGVyaW5pJTIwYmlybGUlQzUlOUZ0aXJlbiUyMGJpciUyMG1hcmthJTIwb2xhbiUyMEtvdGJveWFtYSUyN24lQzQlQjFuJTIwJUMzJUJDciVDMyVCQ24lMjB5ZWxwYXplc2luZGUlMjBiZWxpcmdpbmRpci4lMjBLb2xla3NpeW9ubGFyJUM0JUIxbmRha2klMjBoZXIlMjBheXIlQzQlQjFudCVDNCVCMSUyMGQlQzMlQkMlQzUlOUYlQzMlQkNuJUMzJUJDbG0lQzMlQkMlQzUlOUZ0JUMzJUJDciUzQSUyMHN0aWxkZW4lMjBrdW1hJUM1JTlGJTIwc2UlQzMlQTdpbWluZSUyMGthZGFyJTIwYmlyZXlzZWxsaSVDNCU5RmklMjB2ZSUyMGlmYWRlJTIwJUMzJUI2emclQzMlQkNybCVDMyVCQyVDNCU5RiVDMyVCQ24lQzMlQkMlMjB2dXJndWxhci4lMEElMEElQzMlOTZ6ZyVDMyVCQ25sJUMzJUJDJUM0JTlGZSUyMG9sYW4lMjBpbGdpbmluJTIwc2FkZWNlJTIwbW9kYWRhJTIwZGUlQzQlOUZpbCUyQyUyMGF5biVDNCVCMSUyMHphbWFuZGElMjBlJUM0JTlGbGVuY2UlMjBzZSVDMyVBN2ltaW5kZSUyMGRlJTIwb3J0YXlhJTIwJUMzJUE3JUM0JUIxa21hcyVDNCVCMSUyMCVDNSU5RmElQzUlOUYlQzQlQjFydCVDNCVCMWMlQzQlQjElMjBkZSVDNCU5RmlsZGlyLiUyMEJheiVDNCVCMWxhciVDNCVCMSUyMHNwb3IlMjBlJUM0JTlGaXRpbWluaSUyMHZleWElMjBhayVDNSU5RmFtJTIweSVDMyVCQ3IlQzMlQkN5JUMzJUJDJUM1JTlGbGVyaW5pJTIwdGVyY2loJTIwZWRlcmtlbiUyQyUyMGRpJUM0JTlGZXJsZXJpJTIwLSUyMGVudGVsZWt0JUMzJUJDZWwlMjBob2JpbGVyJTIwdmUlMjBhbmFsaXRpayUyMG95dW5sYXIuJTIwS3VtYXIlMjBveW5hbWF5JUM0JUIxJTIwc2V2ZW5sZXIlMjBpJUMzJUE3aW4lMkMlMjBlbiUyMGl5aSUyMCVDMyVBN2V2cmltaSVDMyVBN2klMjBwbGF0Zm9ybWxhciVDNCVCMW4lMjBzZSVDMyVBN2lsZGklQzQlOUZpJTIwYmlyJUMzJUE3b2slMjBrYXluYWslMjB2YXJkJUM0JUIxciUyQyUyMCVDMyVCNnJuZSVDNCU5RmluJTJDJTBBJTNDYSUyMGhyZWYlM0QlMjJodHRwcyUzQSUyRiUyRmNhc2lub3ViZXJibGljay5hdCUyRiUyMiUzRWh0dHBzJTNBJTJGJTJGY2FzaW5vdWJlcmJsaWNrLmF0JTJGJTNDJTJGYSUzRSUyQyUyMGJ1cmFkYSUyMHBvcCVDMyVCQ2xlciUyMGNhc2lub2xhciVDNCVCMW4lMjBkZXJlY2VsZW5kaXJtZWxlcmluaSUyMG9rdXlhYmlsaXIlMkMlMjBib251c2xhciVDNCVCMSUyMGthciVDNSU5RiVDNCVCMWxhJUM1JTlGdCVDNCVCMXJhYmlsaXIlMjB2ZSUyMGclQzMlQkN2ZW5saSUyMG95dW4lMjBoYWtrJUM0JUIxbmRhJTIwaXB1JUMzJUE3bGFyJUM0JUIxJTIwYWxhYmlsaXJzaW5pei4lMEElMEFHJUMzJUJDbmwlQzMlQkNrJTIweWElQzUlOUZhbSVDNCVCMW4lMjBlc3RldGklQzQlOUZpbmklMjBoZXllY2FuJTIwdmVyaWNpJTIwZSVDNCU5RmxlbmNleWxlJTIwYmlybGUlQzUlOUZ0aXJtZWslMjBpc3RlZGklQzQlOUZpbml6ZGUlMkMlMjB6ZXZrJTIwZ2V0aXJlbiUyMHZlJTIwaWxoYW0lMjB2ZXJlbiUyMCVDNSU5RmV5aSUyMHNlJUMzJUE3bWVrJTIwJUMzJUI2bmVtbGlkaXIuJTIwS290Ym95YW1hJTI3biVDNCVCMW4lMjBrJUM0JUIxeWFmZXRsZXJpJTIwdGFyeiVDNCVCMW4lQzQlQjF6JUM0JUIxJTIwaWZhZGUlMjBldG1lbml6ZSUyMHZlJTIwa2FsYWJhbCVDNCVCMSVDNCU5RiVDNCVCMW4lMjBhcmFzJUM0JUIxbmRhbiUyMHMlQzQlQjF5ciVDNCVCMWxtYW4lQzQlQjF6YSUyMHlhcmQlQzQlQjFtYyVDNCVCMSUyMG9sZHUlQzQlOUZ1JTIwZ2liaSUyQyUyMHklQzMlQkNrc2VrJTIwa2FsaXRlbGklMjB0ZW1hdGlrJTIwaW5jZWxlbWVsZXIlMjBlJUM0JTlGbGVuY2UlMjBhbGFuJUM0JUIxbmRhJTIwYmlsaW4lQzMlQTdsaSUyMGJpciUyMHNlJUMzJUE3aW0lMjB5YXBtYW4lQzQlQjF6YSUyMG9sYW5hayUyMHRhbiVDNCVCMXIuJTIwRCVDNCVCMSVDNSU5RiUyMGltYWolMjBpbGUlMjBpJUMzJUE3JTIwaWxnaSUyMGFsYW5sYXIlQzQlQjElMjBhcmFzJUM0JUIxbmRha2klMjBkZW5nZSUyQyUyMHV5dW11biUyMGFuYWh0YXIlQzQlQjFkJUM0JUIxci4lMEElM0MlMkZkaXYlM0U=[\/vc_raw_html][\/vc_column][\/vc_row][vc_row css_animation=&#8221;&#8221; row_type=&#8221;row&#8221; use_row_as_full_screen_section=&#8221;no&#8221; type=&#8221;full_width&#8221; angled_section=&#8221;no&#8221; text_align=&#8221;center&#8221; background_image_as_pattern=&#8221;without_pattern&#8221; background_image=&#8221;15330&#8243;][vc_column][vc_separator type=&#8221;transparent&#8221; up=&#8221;65&#8243; down=&#8221;0&#8243;][vc_column_text]<\/p>\n<h4><span style=\"color: #ffff00;\">Ceket yakas\u0131 kirlendi\u011finde alelade bir temizleme y\u00f6ntemi ile temizlik yapmaya kalkarsan\u0131z ceketin yakas\u0131n\u0131n \u00f6zelli\u011fini bozabilirsiniz. Bu nedenle ceket yakas\u0131n\u0131 do\u011fru temizlemek, ceketin \u00f6mr\u00fcn\u00fc uzatan en \u00f6nemli ayr\u0131nt\u0131lardan birisidir.<\/span><\/h4>\n<p>[\/vc_column_text][vc_separator type=&#8221;transparent&#8221; up=&#8221;65&#8243; down=&#8221;0&#8243;][\/vc_column][\/vc_row][vc_row row_type=&#8221;parallax&#8221; parallax_content_width=&#8221;in_grid&#8221; text_align=&#8221;left&#8221; full_screen_section_height=&#8221;no&#8221; background_image=&#8221;15361&#8243; section_height=&#8221;680&#8243;][vc_column width=&#8221;2\/3&#8243;][vc_separator type=&#8221;small&#8221; position=&#8221;left&#8221; color=&#8221;#d53334&#8243; up=&#8221;160&#8243;][vc_column_text]<\/p>\n<h3><span style=\"color: #3c4675;\">Y\u00fcksek Kalite<\/span><\/h3>\n<p>[\/vc_column_text][vc_separator type=&#8221;transparent&#8221; up=&#8221;25&#8243; down=&#8221;0&#8243;][vc_column_text]<\/p>\n<h2>60 farkl\u0131 renk se\u00e7ene\u011fiyle ilk g\u00fcnki haliyle teslim ediyoruz.<\/h2>\n<p>[\/vc_column_text][vc_separator type=&#8221;transparent&#8221; up=&#8221;35&#8243; down=&#8221;0&#8243;]<a  itemprop=\"url\" href=\"#\" target=\"_self\" data-hover-background-color=#d53334 data-hover-color=#ffffff class=\"qbutton  small default\" style=\"color: #ffffff; background-color: #3c4675;\">Gallery<\/a>[vc_separator type=&#8221;transparent&#8221; up=&#8221;150&#8243; down=&#8221;0&#8243;][\/vc_column][vc_column width=&#8221;1\/3&#8243;][\/vc_column][\/vc_row]<\/p>\n","protected":false},"excerpt":{"rendered":"<p>[vc_row row_type=&#8221;parallax&#8221; parallax_content_width=&#8221;in_grid&#8221; text_align=&#8221;center&#8221; full_screen_section_height=&#8221;no&#8221; background_image=&#8221;15280&#8243; section_height=&#8221;1219&#8243;][vc_column][vc_row_inner row_type=&#8221;row&#8221; type=&#8221;full_width&#8221; text_align=&#8221;center&#8221; css_animation=&#8221;element_from_fade&#8221; transition_delay=&#8221;200&#8243;][vc_column_inner][vc_separator type=&#8221;small&#8221; position=&#8221;center&#8221; width=&#8221;140&#8243; up=&#8221;170&#8243; down=&#8221;30&#8243;][vc_column_text] Senin Sezonun Senin Koleksiyonun [\/vc_column_text][vc_separator type=&#8221;transparent&#8221; up=&#8221;20&#8243; down=&#8221;0&#8243;][vc_column_text] T\u00fcm T\u00fcrkiye&#8217; ye Hizmet Veriyoruz 0224 326 14 08 [\/vc_column_text][\/vc_column_inner][\/vc_row_inner][vc_row_inner row_type=&#8221;row&#8221; type=&#8221;full_width&#8221; text_align=&#8221;center&#8221; css_animation=&#8221;&#8221; padding_top=&#8221;22&#8243;][vc_column_inner width=&#8221;1\/3&#8243;][vc_separator type=&#8221;transparent&#8221; up=&#8221;100&#8243; down=&#8221;0&#8243;][vc_single_image image=&#8221;15403&#8243;&#8230;<\/p>\n","protected":false},"author":1,"featured_media":0,"parent":0,"menu_order":0,"comment_status":"closed","ping_status":"closed","template":"full_width.php","meta":{"footnotes":""},"class_list":["post-15251","page","type-page","status-publish","hentry"],"_links":{"self":[{"href":"http:\/\/www.kotboyama.com\/index.php?rest_route=\/wp\/v2\/pages\/15251","targetHints":{"allow":["GET"]}}],"collection":[{"href":"http:\/\/www.kotboyama.com\/index.php?rest_route=\/wp\/v2\/pages"}],"about":[{"href":"http:\/\/www.kotboyama.com\/index.php?rest_route=\/wp\/v2\/types\/page"}],"author":[{"embeddable":true,"href":"http:\/\/www.kotboyama.com\/index.php?rest_route=\/wp\/v2\/users\/1"}],"replies":[{"embeddable":true,"href":"http:\/\/www.kotboyama.com\/index.php?rest_route=%2Fwp%2Fv2%2Fcomments&post=15251"}],"version-history":[{"count":40,"href":"http:\/\/www.kotboyama.com\/index.php?rest_route=\/wp\/v2\/pages\/15251\/revisions"}],"predecessor-version":[{"id":22636,"href":"http:\/\/www.kotboyama.com\/index.php?rest_route=\/wp\/v2\/pages\/15251\/revisions\/22636"}],"wp:attachment":[{"href":"http:\/\/www.kotboyama.com\/index.php?rest_route=%2Fwp%2Fv2%2Fmedia&parent=15251"}],"curies":[{"name":"wp","href":"https:\/\/api.w.org\/{rel}","templated":true}]}}